{"id":1307,"date":"2024-04-26T00:56:05","date_gmt":"2024-04-25T22:56:05","guid":{"rendered":"https:\/\/sklep.crimston.pl\/?post_type=product&#038;p=1307"},"modified":"2026-05-08T11:10:15","modified_gmt":"2026-05-08T09:10:15","slug":"luxe-titanio-rosso-umbria-igt-135-750-ml","status":"publish","type":"product","link":"https:\/\/sklep.crimston.pl\/en\/product\/luxe-titanio-rosso-umbria-igt-135-750-ml\/","title":{"rendered":"Lamborghini Luxe Titanio IGT Umbria Rosso 750 ml"},"content":{"rendered":"<p>TITANIO Umbria IGT is Lamborghini&#8217;s luxury collection, the best selection of Cabernet Sauvignon and Sangiovese. Maceration takes place with the grape skins. After fermentation, Sangiovese and Cabernet Sauvignon are aged separately for twelve months in French oak barrels.<\/p>\n<p>Cabernet Sauvignon is characterized by aromas of dark fruits: black currant, black cherry, blackberries with notes of green bell pepper, spice, tobacco, wood and vanilla (derived from aging in oak barrels). Sangiovese is a thoroughly Italian wine. Although the grape is grown in other wine regions around the world, it is hard to find anywhere else but Italy.<\/p>\n<p>Titanio is a balanced and aromatic wine with fruity notes of wild forest and cranberry. Perceptible herbal notes, impressive structure and pronounced tannins.<\/p>\n<p><strong>Type of wine<\/strong>: red wine<br \/>\n<strong>Country of origin<\/strong>: Italy<br \/>\n<strong>Grapes<\/strong>: Sangiovese \/ Cabernet Sauvignon<\/p>\n<p>&nbsp;<\/p>\n<table style=\"border-collapse: collapse; width: 100%;\">\n<tbody>\n<tr>\n<td style=\"width: 20%; text-align: center;\"><img loading=\"lazy\" decoding=\"async\" class=\"alignnone size-medium wp-image-3201\" src=\"https:\/\/sklep.crimston.pl\/wp-content\/uploads\/2024\/04\/zrzut-ekranu-2024-09-05-170949-281x300.png\" alt=\"\" width=\"281\" height=\"300\" srcset=\"https:\/\/sklep.crimston.pl\/wp-content\/uploads\/2024\/04\/zrzut-ekranu-2024-09-05-170949-281x300.png 281w, https:\/\/sklep.crimston.pl\/wp-content\/uploads\/2024\/04\/zrzut-ekranu-2024-09-05-170949-94x100.png 94w, https:\/\/sklep.crimston.pl\/wp-content\/uploads\/2024\/04\/zrzut-ekranu-2024-09-05-170949-253x270.png 253w, https:\/\/sklep.crimston.pl\/wp-content\/uploads\/2024\/04\/zrzut-ekranu-2024-09-05-170949.png 301w\" sizes=\"(max-width: 281px) 100vw, 281px\" \/><\/td>\n<td style=\"width: 20%; text-align: center;\">\u00a0<\/td>\n<td style=\"width: 20%; text-align: center;\">\u00a0<\/td>\n<td style=\"width: 20%; text-align: center;\">\u00a0<\/td>\n<td style=\"width: 20%; text-align: center;\">\u00a0<\/td>\n<\/tr>\n<\/tbody>\n<\/table>\n<p>&nbsp;<\/p>\n<p><span data-sheets-root=\"1\"><strong>Create your own gift set \u2013 choose product from the list below and add it to your shopping cart:<\/strong><\/span><\/p>\n<table style=\"border-collapse: collapse; width: 100%;\">\n<tbody>\n<tr>\n<td style=\"width: 20%; vertical-align: top; text-align: center;\">\n<p><a href=\"https:\/\/sklep.crimston.pl\/en\/product\/lamborghini-gift-bag\/\"><img loading=\"lazy\" decoding=\"async\" class=\"attachment-full size-full\" src=\"https:\/\/sklep.crimston.pl\/wp-content\/uploads\/2026\/02\/bag.webp\" sizes=\"(max-width: 1080px) 100vw, 1080px\" srcset=\"https:\/\/sklep.crimston.pl\/wp-content\/uploads\/2026\/02\/bag.webp 1080w, https:\/\/sklep.crimston.pl\/wp-content\/uploads\/2026\/02\/bag-300x300.webp 300w, https:\/\/sklep.crimston.pl\/wp-content\/uploads\/2026\/02\/bag-1024x1024.webp 1024w, https:\/\/sklep.crimston.pl\/wp-content\/uploads\/2026\/02\/bag-150x150.webp 150w, https:\/\/sklep.crimston.pl\/wp-content\/uploads\/2026\/02\/bag-768x768.webp 768w, https:\/\/sklep.crimston.pl\/wp-content\/uploads\/2026\/02\/bag-100x100.webp 100w, https:\/\/sklep.crimston.pl\/wp-content\/uploads\/2026\/02\/bag-270x270.webp 270w, https:\/\/sklep.crimston.pl\/wp-content\/uploads\/2026\/02\/bag-600x600.webp 600w\" alt=\"W\u0105ska, pomara\u0144czowa torba prezentowa z czarnymi sznurkowymi uchwytami, ozdobiona logo Lamborghini i adresem strony internetowej\" width=\"1080\" height=\"1080\" \/><\/a><\/p>\n<p style=\"text-align: center;\">\u00a0<\/p>\n<p style=\"text-align: center;\"><a href=\"https:\/\/sklep.crimston.pl\/en\/product\/lamborghini-gift-bag\/\">Lamborghini gift bag<\/a><\/p>\n<\/td>\n<td style=\"width: 20%; vertical-align: top; text-align: center;\">\n<p><a href=\"https:\/\/sklep.crimston.pl\/en\/product\/lamborghini-orange-luxe-wine-gift-box-gift-bag\/\"><img loading=\"lazy\" decoding=\"async\" class=\"attachment-full size-full\" src=\"https:\/\/sklep.crimston.pl\/wp-content\/uploads\/2026\/02\/spokojne.webp\" sizes=\"(max-width: 1080px) 100vw, 1080px\" srcset=\"https:\/\/sklep.crimston.pl\/wp-content\/uploads\/2026\/02\/spokojne.webp 1080w, https:\/\/sklep.crimston.pl\/wp-content\/uploads\/2026\/02\/spokojne-300x300.webp 300w, https:\/\/sklep.crimston.pl\/wp-content\/uploads\/2026\/02\/spokojne-1024x1024.webp 1024w, https:\/\/sklep.crimston.pl\/wp-content\/uploads\/2026\/02\/spokojne-150x150.webp 150w, https:\/\/sklep.crimston.pl\/wp-content\/uploads\/2026\/02\/spokojne-768x768.webp 768w, https:\/\/sklep.crimston.pl\/wp-content\/uploads\/2026\/02\/spokojne-100x100.webp 100w, https:\/\/sklep.crimston.pl\/wp-content\/uploads\/2026\/02\/spokojne-270x270.webp 270w, https:\/\/sklep.crimston.pl\/wp-content\/uploads\/2026\/02\/spokojne-600x600.webp 600w\" alt=\"Pomara\u0144czowa torba i pude\u0142ko prezentowe z logo Lamborghini, zawieraj\u0105ce matow\u0105, czarn\u0105 butelk\u0119 wina spokojnego\" width=\"1080\" height=\"1080\" \/><\/a><\/p>\n<p>&nbsp;<\/p>\n<p style=\"text-align: center;\"><a href=\"https:\/\/sklep.crimston.pl\/en\/product\/lamborghini-orange-luxe-wine-gift-box-gift-bag\/\">Lamborghini gift set (LUXE wine)<\/a><\/p>\n<\/td>\n<td style=\"width: 20%; vertical-align: top; text-align: center;\">\n<p style=\"text-align: center;\">\u00a0<\/p>\n<\/td>\n<\/tr>\n<\/tbody>\n<\/table>\n","protected":false},"excerpt":{"rendered":"<p>TITANIO Umbria IGT is a luxurious, balanced and aromatic wine from the Lamborghini collection with fruity notes of wild forest and cranberry.<\/p>\n","protected":false},"featured_media":1309,"comment_status":"open","ping_status":"closed","template":"","meta":[],"alcohol_brand":[476],"product_cat":[75],"product_tag":[398,399,155,132],"acf":[],"yoast_head":"<!-- This site is optimized with the Yoast SEO plugin v20.5 - https:\/\/yoast.com\/wordpress\/plugins\/seo\/ -->\n<title>Lamborghini Luxe Titanio IGT Umbria Rosso 750 ml - Sklep online Crimston Spirits<\/title>\n<meta name=\"description\" content=\"TITANIO Umbria IGT is a luxurious, balanced and aromatic wine from the Lamborghini collection with fruity notes of wild forest and cranberry.\" \/>\n<meta name=\"robots\" content=\"index, follow, max-snippet:-1, max-image-preview:large, max-video-preview:-1\" \/>\n<link rel=\"canonical\" href=\"https:\/\/sklep.crimston.pl\/en\/product\/luxe-titanio-rosso-umbria-igt-135-750-ml\/\" \/>\n<meta property=\"og:locale\" content=\"en_US\" \/>\n<meta property=\"og:type\" content=\"article\" \/>\n<meta property=\"og:title\" content=\"Lamborghini Luxe Titanio IGT Umbria Rosso 750 ml - Sklep online Crimston Spirits\" \/>\n<meta property=\"og:description\" content=\"TITANIO Umbria IGT is a luxurious, balanced and aromatic wine from the Lamborghini collection with fruity notes of wild forest and cranberry.\" \/>\n<meta property=\"og:url\" content=\"https:\/\/sklep.crimston.pl\/en\/product\/luxe-titanio-rosso-umbria-igt-135-750-ml\/\" \/>\n<meta property=\"og:site_name\" content=\"Sklep online Crimston Spirits\" \/>\n<meta property=\"article:modified_time\" content=\"2026-05-08T09:10:15+00:00\" \/>\n<meta property=\"og:image\" content=\"https:\/\/sklep.crimston.pl\/wp-content\/uploads\/2023\/10\/awdadwadadad.png\" \/>\n\t<meta property=\"og:image:width\" content=\"657\" \/>\n\t<meta property=\"og:image:height\" content=\"657\" \/>\n\t<meta property=\"og:image:type\" content=\"image\/png\" \/>\n<meta name=\"twitter:card\" content=\"summary_large_image\" \/>\n<meta name=\"twitter:label1\" content=\"Est. reading time\" \/>\n\t<meta name=\"twitter:data1\" content=\"2 minutes\" \/>\n<script type=\"application\/ld+json\" class=\"yoast-schema-graph\">{\"@context\":\"https:\/\/schema.org\",\"@graph\":[{\"@type\":\"WebPage\",\"@id\":\"https:\/\/sklep.crimston.pl\/en\/product\/luxe-titanio-rosso-umbria-igt-135-750-ml\/\",\"url\":\"https:\/\/sklep.crimston.pl\/en\/product\/luxe-titanio-rosso-umbria-igt-135-750-ml\/\",\"name\":\"Lamborghini Luxe Titanio IGT Umbria Rosso 750 ml - Sklep online Crimston Spirits\",\"isPartOf\":{\"@id\":\"https:\/\/sklep.crimston.pl\/en\/#website\"},\"datePublished\":\"2024-04-25T22:56:05+00:00\",\"dateModified\":\"2026-05-08T09:10:15+00:00\",\"description\":\"TITANIO Umbria IGT is a luxurious, balanced and aromatic wine from the Lamborghini collection with fruity notes of wild forest and cranberry.\",\"breadcrumb\":{\"@id\":\"https:\/\/sklep.crimston.pl\/en\/product\/luxe-titanio-rosso-umbria-igt-135-750-ml\/#breadcrumb\"},\"inLanguage\":\"en-US\",\"potentialAction\":[{\"@type\":\"ReadAction\",\"target\":[\"https:\/\/sklep.crimston.pl\/en\/product\/luxe-titanio-rosso-umbria-igt-135-750-ml\/\"]}]},{\"@type\":\"BreadcrumbList\",\"@id\":\"https:\/\/sklep.crimston.pl\/en\/product\/luxe-titanio-rosso-umbria-igt-135-750-ml\/#breadcrumb\",\"itemListElement\":[{\"@type\":\"ListItem\",\"position\":1,\"name\":\"Strona g\u0142\u00f3wna\",\"item\":\"https:\/\/sklep.crimston.pl\/en\/\"},{\"@type\":\"ListItem\",\"position\":2,\"name\":\"Lamborghini Luxe Titanio IGT Umbria Rosso 750 ml\"}]},{\"@type\":\"WebSite\",\"@id\":\"https:\/\/sklep.crimston.pl\/en\/#website\",\"url\":\"https:\/\/sklep.crimston.pl\/en\/\",\"name\":\"Sklep online Crimston Spirits\",\"description\":\"Sprzeda\u017c alkoholu online\",\"potentialAction\":[{\"@type\":\"SearchAction\",\"target\":{\"@type\":\"EntryPoint\",\"urlTemplate\":\"https:\/\/sklep.crimston.pl\/en\/?s={search_term_string}\"},\"query-input\":\"required name=search_term_string\"}],\"inLanguage\":\"en-US\"}]}<\/script>\n<!-- \/ Yoast SEO plugin. -->","yoast_head_json":{"title":"Lamborghini Luxe Titanio IGT Umbria Rosso 750 ml - Sklep online Crimston Spirits","description":"TITANIO Umbria IGT is a luxurious, balanced and aromatic wine from the Lamborghini collection with fruity notes of wild forest and cranberry.","robots":{"index":"index","follow":"follow","max-snippet":"max-snippet:-1","max-image-preview":"max-image-preview:large","max-video-preview":"max-video-preview:-1"},"canonical":"https:\/\/sklep.crimston.pl\/en\/product\/luxe-titanio-rosso-umbria-igt-135-750-ml\/","og_locale":"en_US","og_type":"article","og_title":"Lamborghini Luxe Titanio IGT Umbria Rosso 750 ml - Sklep online Crimston Spirits","og_description":"TITANIO Umbria IGT is a luxurious, balanced and aromatic wine from the Lamborghini collection with fruity notes of wild forest and cranberry.","og_url":"https:\/\/sklep.crimston.pl\/en\/product\/luxe-titanio-rosso-umbria-igt-135-750-ml\/","og_site_name":"Sklep online Crimston Spirits","article_modified_time":"2026-05-08T09:10:15+00:00","og_image":[{"width":657,"height":657,"url":"https:\/\/sklep.crimston.pl\/wp-content\/uploads\/2023\/10\/awdadwadadad.png","type":"image\/png"}],"twitter_card":"summary_large_image","twitter_misc":{"Est. reading time":"2 minutes"},"schema":{"@context":"https:\/\/schema.org","@graph":[{"@type":"WebPage","@id":"https:\/\/sklep.crimston.pl\/en\/product\/luxe-titanio-rosso-umbria-igt-135-750-ml\/","url":"https:\/\/sklep.crimston.pl\/en\/product\/luxe-titanio-rosso-umbria-igt-135-750-ml\/","name":"Lamborghini Luxe Titanio IGT Umbria Rosso 750 ml - Sklep online Crimston Spirits","isPartOf":{"@id":"https:\/\/sklep.crimston.pl\/en\/#website"},"datePublished":"2024-04-25T22:56:05+00:00","dateModified":"2026-05-08T09:10:15+00:00","description":"TITANIO Umbria IGT is a luxurious, balanced and aromatic wine from the Lamborghini collection with fruity notes of wild forest and cranberry.","breadcrumb":{"@id":"https:\/\/sklep.crimston.pl\/en\/product\/luxe-titanio-rosso-umbria-igt-135-750-ml\/#breadcrumb"},"inLanguage":"en-US","potentialAction":[{"@type":"ReadAction","target":["https:\/\/sklep.crimston.pl\/en\/product\/luxe-titanio-rosso-umbria-igt-135-750-ml\/"]}]},{"@type":"BreadcrumbList","@id":"https:\/\/sklep.crimston.pl\/en\/product\/luxe-titanio-rosso-umbria-igt-135-750-ml\/#breadcrumb","itemListElement":[{"@type":"ListItem","position":1,"name":"Strona g\u0142\u00f3wna","item":"https:\/\/sklep.crimston.pl\/en\/"},{"@type":"ListItem","position":2,"name":"Lamborghini Luxe Titanio IGT Umbria Rosso 750 ml"}]},{"@type":"WebSite","@id":"https:\/\/sklep.crimston.pl\/en\/#website","url":"https:\/\/sklep.crimston.pl\/en\/","name":"Sklep online Crimston Spirits","description":"Sprzeda\u017c alkoholu online","potentialAction":[{"@type":"SearchAction","target":{"@type":"EntryPoint","urlTemplate":"https:\/\/sklep.crimston.pl\/en\/?s={search_term_string}"},"query-input":"required name=search_term_string"}],"inLanguage":"en-US"}]}},"_links":{"self":[{"href":"https:\/\/sklep.crimston.pl\/en\/wp-json\/wp\/v2\/product\/1307"}],"collection":[{"href":"https:\/\/sklep.crimston.pl\/en\/wp-json\/wp\/v2\/product"}],"about":[{"href":"https:\/\/sklep.crimston.pl\/en\/wp-json\/wp\/v2\/types\/product"}],"replies":[{"embeddable":true,"href":"https:\/\/sklep.crimston.pl\/en\/wp-json\/wp\/v2\/comments?post=1307"}],"wp:featuredmedia":[{"embeddable":true,"href":"https:\/\/sklep.crimston.pl\/en\/wp-json\/wp\/v2\/media\/1309"}],"wp:attachment":[{"href":"https:\/\/sklep.crimston.pl\/en\/wp-json\/wp\/v2\/media?parent=1307"}],"wp:term":[{"taxonomy":"alcohol_brand","embeddable":true,"href":"https:\/\/sklep.crimston.pl\/en\/wp-json\/wp\/v2\/alcohol_brand?post=1307"},{"taxonomy":"product_cat","embeddable":true,"href":"https:\/\/sklep.crimston.pl\/en\/wp-json\/wp\/v2\/product_cat?post=1307"},{"taxonomy":"product_tag","embeddable":true,"href":"https:\/\/sklep.crimston.pl\/en\/wp-json\/wp\/v2\/product_tag?post=1307"}],"curies":[{"name":"wp","href":"https:\/\/api.w.org\/{rel}","templated":true}]}}