{"id":4334,"date":"2024-04-29T12:39:24","date_gmt":"2024-04-29T10:39:24","guid":{"rendered":"https:\/\/sklep.crimston.pl\/?post_type=product&#038;p=4334"},"modified":"2026-04-13T18:04:42","modified_gmt":"2026-04-13T16:04:42","slug":"tequila-don-ramon-limited-edition-ceramica-reposado-40-700-ml","status":"publish","type":"product","link":"https:\/\/sklep.crimston.pl\/en\/product\/tequila-don-ramon-limited-edition-ceramica-reposado-40-700-ml\/","title":{"rendered":"Tequila Don Ram\u00f3n Limited Edition Cer\u00e1mica Reposado 700 ml"},"content":{"rendered":"<div class=\"woocommerce-product-details__short-description\">\n<p>Tequila Don Ram\u00f3n Cer\u00e1mica Reposado is an option for connoisseurs seeking harmony between the freshness of agave and the influence of oak barrels. The bottle from this series, inspired by Mexican Talavera art, is a work of art itself. The yellow elements adorning the ceramic refer to the golden color of the spirit itself, which is a result of aging in oak barrels. It is a symbolic fusion of craftsmanship and nature that attests to the heritage of Mexico.<\/p>\n<p>This tequila, made from 100% blue agave, has spent 6 months in oak barrels, giving it smoothness and complexity. The aging process has enriched its profile with a light amber color and elegant aromas. The scent reveals delicate notes of wood, nuts, and vanilla, which blend with the natural sweetness of the agave.<\/p>\n<p>On the palate, the Reposado Tequila develops its rich bouquet, offering notes of wood intertwined with sweet and fruity accents. The finish is smooth and balanced. It tastes excellent sipped solo, as well as in cocktails to which it adds depth. It is a true gem in the crown of Mexican distillates, appreciated by those who value excellence and unique experiences.<\/p>\n<p><strong>AGAVE:<\/strong> 100% Blue Agave<\/p>\n<p><strong>AGING:<\/strong> 6 months in oak barrels<\/p>\n<p><strong>COLOR:<\/strong> Light amber<\/p>\n<p><strong>AROMA:<\/strong> Soft notes of wood, nuts and vanilla<\/p>\n<p><strong>NOTES:<\/strong> Wood, sweet and fruity<\/p>\n<p>&nbsp;<\/p>\n<table style=\"border-collapse: collapse; width: 100%;\">\n<tbody>\n<tr>\n<td style=\"width: 20%; text-align: center;\"><img loading=\"lazy\" decoding=\"async\" class=\"alignnone wp-image-4338\" src=\"https:\/\/sklep.crimston.pl\/wp-content\/uploads\/2025\/08\/medalla_1_en-300x224.png\" alt=\"\" width=\"171\" height=\"128\" srcset=\"https:\/\/sklep.crimston.pl\/wp-content\/uploads\/2025\/08\/medalla_1_en-300x224.png 300w, https:\/\/sklep.crimston.pl\/wp-content\/uploads\/2025\/08\/medalla_1_en-100x75.png 100w, https:\/\/sklep.crimston.pl\/wp-content\/uploads\/2025\/08\/medalla_1_en-270x201.png 270w, https:\/\/sklep.crimston.pl\/wp-content\/uploads\/2025\/08\/medalla_1_en-600x448.png 600w, https:\/\/sklep.crimston.pl\/wp-content\/uploads\/2025\/08\/medalla_1_en.png 709w\" sizes=\"(max-width: 171px) 100vw, 171px\" \/><\/td>\n<td style=\"width: 20%; text-align: center;\">\u00a0<\/td>\n<td style=\"width: 20%; text-align: center;\">\u00a0<\/td>\n<td style=\"width: 20%; text-align: center;\">\u00a0<\/td>\n<td style=\"width: 20%; text-align: center;\">\u00a0<\/td>\n<\/tr>\n<\/tbody>\n<\/table>\n<\/div>\n","protected":false},"excerpt":{"rendered":"<p>Tequila Don Ram\u00f3n Reposado from the Cer\u00e1mica edition. Aged for 6 months, with notes of wood and vanilla. A unique taste in an artistic bottle.<\/p>\n","protected":false},"featured_media":4417,"comment_status":"open","ping_status":"closed","template":"","meta":[],"alcohol_brand":[80],"product_cat":[74],"product_tag":[156,131,167,168,155,132,166],"acf":[],"yoast_head":"<!-- This site is optimized with the Yoast SEO plugin v20.5 - https:\/\/yoast.com\/wordpress\/plugins\/seo\/ -->\n<title>Tequila Don Ram\u00f3n Limited Edition Cer\u00e1mica Reposado 700 ml - Sklep online Crimston Spirits<\/title>\n<meta name=\"description\" content=\"Tequila Don Ram\u00f3n Reposado from the Cer\u00e1mica edition. Aged for 6 months, with notes of wood and vanilla. A unique taste in an artistic bottle.\" \/>\n<meta name=\"robots\" content=\"index, follow, max-snippet:-1, max-image-preview:large, max-video-preview:-1\" \/>\n<link rel=\"canonical\" href=\"https:\/\/sklep.crimston.pl\/en\/product\/tequila-don-ramon-limited-edition-ceramica-reposado-40-700-ml\/\" \/>\n<meta property=\"og:locale\" content=\"en_US\" \/>\n<meta property=\"og:type\" content=\"article\" \/>\n<meta property=\"og:title\" content=\"Tequila Don Ram\u00f3n Limited Edition Cer\u00e1mica Reposado 700 ml - Sklep online Crimston Spirits\" \/>\n<meta property=\"og:description\" content=\"Tequila Don Ram\u00f3n Reposado from the Cer\u00e1mica edition. Aged for 6 months, with notes of wood and vanilla. A unique taste in an artistic bottle.\" \/>\n<meta property=\"og:url\" content=\"https:\/\/sklep.crimston.pl\/en\/product\/tequila-don-ramon-limited-edition-ceramica-reposado-40-700-ml\/\" \/>\n<meta property=\"og:site_name\" content=\"Sklep online Crimston Spirits\" \/>\n<meta property=\"article:modified_time\" content=\"2026-04-13T16:04:42+00:00\" \/>\n<meta property=\"og:image\" content=\"https:\/\/sklep.crimston.pl\/wp-content\/uploads\/2025\/08\/casa-don-ramon-ceramica-reposado-1.png\" \/>\n\t<meta property=\"og:image:width\" content=\"2000\" \/>\n\t<meta property=\"og:image:height\" content=\"2000\" \/>\n\t<meta property=\"og:image:type\" content=\"image\/png\" \/>\n<meta name=\"twitter:card\" content=\"summary_large_image\" \/>\n<meta name=\"twitter:label1\" content=\"Est. reading time\" \/>\n\t<meta name=\"twitter:data1\" content=\"2 minutes\" \/>\n<script type=\"application\/ld+json\" class=\"yoast-schema-graph\">{\"@context\":\"https:\/\/schema.org\",\"@graph\":[{\"@type\":\"WebPage\",\"@id\":\"https:\/\/sklep.crimston.pl\/en\/product\/tequila-don-ramon-limited-edition-ceramica-reposado-40-700-ml\/\",\"url\":\"https:\/\/sklep.crimston.pl\/en\/product\/tequila-don-ramon-limited-edition-ceramica-reposado-40-700-ml\/\",\"name\":\"Tequila Don Ram\u00f3n Limited Edition Cer\u00e1mica Reposado 700 ml - Sklep online Crimston Spirits\",\"isPartOf\":{\"@id\":\"https:\/\/sklep.crimston.pl\/en\/#website\"},\"datePublished\":\"2024-04-29T10:39:24+00:00\",\"dateModified\":\"2026-04-13T16:04:42+00:00\",\"description\":\"Tequila Don Ram\u00f3n Reposado from the Cer\u00e1mica edition. Aged for 6 months, with notes of wood and vanilla. A unique taste in an artistic bottle.\",\"breadcrumb\":{\"@id\":\"https:\/\/sklep.crimston.pl\/en\/product\/tequila-don-ramon-limited-edition-ceramica-reposado-40-700-ml\/#breadcrumb\"},\"inLanguage\":\"en-US\",\"potentialAction\":[{\"@type\":\"ReadAction\",\"target\":[\"https:\/\/sklep.crimston.pl\/en\/product\/tequila-don-ramon-limited-edition-ceramica-reposado-40-700-ml\/\"]}]},{\"@type\":\"BreadcrumbList\",\"@id\":\"https:\/\/sklep.crimston.pl\/en\/product\/tequila-don-ramon-limited-edition-ceramica-reposado-40-700-ml\/#breadcrumb\",\"itemListElement\":[{\"@type\":\"ListItem\",\"position\":1,\"name\":\"Strona g\u0142\u00f3wna\",\"item\":\"https:\/\/sklep.crimston.pl\/en\/\"},{\"@type\":\"ListItem\",\"position\":2,\"name\":\"Tequila Don Ram\u00f3n Limited Edition Cer\u00e1mica Reposado 700 ml\"}]},{\"@type\":\"WebSite\",\"@id\":\"https:\/\/sklep.crimston.pl\/en\/#website\",\"url\":\"https:\/\/sklep.crimston.pl\/en\/\",\"name\":\"Sklep online Crimston Spirits\",\"description\":\"Sprzeda\u017c alkoholu online\",\"potentialAction\":[{\"@type\":\"SearchAction\",\"target\":{\"@type\":\"EntryPoint\",\"urlTemplate\":\"https:\/\/sklep.crimston.pl\/en\/?s={search_term_string}\"},\"query-input\":\"required name=search_term_string\"}],\"inLanguage\":\"en-US\"}]}<\/script>\n<!-- \/ Yoast SEO plugin. -->","yoast_head_json":{"title":"Tequila Don Ram\u00f3n Limited Edition Cer\u00e1mica Reposado 700 ml - Sklep online Crimston Spirits","description":"Tequila Don Ram\u00f3n Reposado from the Cer\u00e1mica edition. Aged for 6 months, with notes of wood and vanilla. A unique taste in an artistic bottle.","robots":{"index":"index","follow":"follow","max-snippet":"max-snippet:-1","max-image-preview":"max-image-preview:large","max-video-preview":"max-video-preview:-1"},"canonical":"https:\/\/sklep.crimston.pl\/en\/product\/tequila-don-ramon-limited-edition-ceramica-reposado-40-700-ml\/","og_locale":"en_US","og_type":"article","og_title":"Tequila Don Ram\u00f3n Limited Edition Cer\u00e1mica Reposado 700 ml - Sklep online Crimston Spirits","og_description":"Tequila Don Ram\u00f3n Reposado from the Cer\u00e1mica edition. Aged for 6 months, with notes of wood and vanilla. A unique taste in an artistic bottle.","og_url":"https:\/\/sklep.crimston.pl\/en\/product\/tequila-don-ramon-limited-edition-ceramica-reposado-40-700-ml\/","og_site_name":"Sklep online Crimston Spirits","article_modified_time":"2026-04-13T16:04:42+00:00","og_image":[{"width":2000,"height":2000,"url":"https:\/\/sklep.crimston.pl\/wp-content\/uploads\/2025\/08\/casa-don-ramon-ceramica-reposado-1.png","type":"image\/png"}],"twitter_card":"summary_large_image","twitter_misc":{"Est. reading time":"2 minutes"},"schema":{"@context":"https:\/\/schema.org","@graph":[{"@type":"WebPage","@id":"https:\/\/sklep.crimston.pl\/en\/product\/tequila-don-ramon-limited-edition-ceramica-reposado-40-700-ml\/","url":"https:\/\/sklep.crimston.pl\/en\/product\/tequila-don-ramon-limited-edition-ceramica-reposado-40-700-ml\/","name":"Tequila Don Ram\u00f3n Limited Edition Cer\u00e1mica Reposado 700 ml - Sklep online Crimston Spirits","isPartOf":{"@id":"https:\/\/sklep.crimston.pl\/en\/#website"},"datePublished":"2024-04-29T10:39:24+00:00","dateModified":"2026-04-13T16:04:42+00:00","description":"Tequila Don Ram\u00f3n Reposado from the Cer\u00e1mica edition. Aged for 6 months, with notes of wood and vanilla. A unique taste in an artistic bottle.","breadcrumb":{"@id":"https:\/\/sklep.crimston.pl\/en\/product\/tequila-don-ramon-limited-edition-ceramica-reposado-40-700-ml\/#breadcrumb"},"inLanguage":"en-US","potentialAction":[{"@type":"ReadAction","target":["https:\/\/sklep.crimston.pl\/en\/product\/tequila-don-ramon-limited-edition-ceramica-reposado-40-700-ml\/"]}]},{"@type":"BreadcrumbList","@id":"https:\/\/sklep.crimston.pl\/en\/product\/tequila-don-ramon-limited-edition-ceramica-reposado-40-700-ml\/#breadcrumb","itemListElement":[{"@type":"ListItem","position":1,"name":"Strona g\u0142\u00f3wna","item":"https:\/\/sklep.crimston.pl\/en\/"},{"@type":"ListItem","position":2,"name":"Tequila Don Ram\u00f3n Limited Edition Cer\u00e1mica Reposado 700 ml"}]},{"@type":"WebSite","@id":"https:\/\/sklep.crimston.pl\/en\/#website","url":"https:\/\/sklep.crimston.pl\/en\/","name":"Sklep online Crimston Spirits","description":"Sprzeda\u017c alkoholu online","potentialAction":[{"@type":"SearchAction","target":{"@type":"EntryPoint","urlTemplate":"https:\/\/sklep.crimston.pl\/en\/?s={search_term_string}"},"query-input":"required name=search_term_string"}],"inLanguage":"en-US"}]}},"_links":{"self":[{"href":"https:\/\/sklep.crimston.pl\/en\/wp-json\/wp\/v2\/product\/4334"}],"collection":[{"href":"https:\/\/sklep.crimston.pl\/en\/wp-json\/wp\/v2\/product"}],"about":[{"href":"https:\/\/sklep.crimston.pl\/en\/wp-json\/wp\/v2\/types\/product"}],"replies":[{"embeddable":true,"href":"https:\/\/sklep.crimston.pl\/en\/wp-json\/wp\/v2\/comments?post=4334"}],"wp:featuredmedia":[{"embeddable":true,"href":"https:\/\/sklep.crimston.pl\/en\/wp-json\/wp\/v2\/media\/4417"}],"wp:attachment":[{"href":"https:\/\/sklep.crimston.pl\/en\/wp-json\/wp\/v2\/media?parent=4334"}],"wp:term":[{"taxonomy":"alcohol_brand","embeddable":true,"href":"https:\/\/sklep.crimston.pl\/en\/wp-json\/wp\/v2\/alcohol_brand?post=4334"},{"taxonomy":"product_cat","embeddable":true,"href":"https:\/\/sklep.crimston.pl\/en\/wp-json\/wp\/v2\/product_cat?post=4334"},{"taxonomy":"product_tag","embeddable":true,"href":"https:\/\/sklep.crimston.pl\/en\/wp-json\/wp\/v2\/product_tag?post=4334"}],"curies":[{"name":"wp","href":"https:\/\/api.w.org\/{rel}","templated":true}]}}