{"id":4340,"date":"2024-04-29T12:38:30","date_gmt":"2024-04-29T10:38:30","guid":{"rendered":"https:\/\/sklep.crimston.pl\/?post_type=product&#038;p=4340"},"modified":"2026-01-28T10:15:37","modified_gmt":"2026-01-28T09:15:37","slug":"tequila-don-ramon-limited-edition-ceramica-anejo-40-700-ml","status":"publish","type":"product","link":"https:\/\/sklep.crimston.pl\/en\/product\/tequila-don-ramon-limited-edition-ceramica-anejo-40-700-ml\/","title":{"rendered":"Tequila Don Ram\u00f3n Limited Edition Cer\u00e1mica A\u00f1ejo 700 ml"},"content":{"rendered":"<div class=\"woocommerce-product-details__short-description\">\n<p>Tequila Don Ram\u00f3n Cer\u00e1mica A\u00f1ejo is the quintessence of Mexican tradition and craftsmanship, enclosed in a bottle that is a work of art in itself. Each ceramic bottle refers to Talavera art. The intense red decorations symbolize the fertile land of Jalisco, from which the agaves that form the soul of this spirit grow. This unique combination makes this tequila tell the story of the Mexican land.<\/p>\n<p>Produced from 100% blue agave, the A\u00f1ejo Tequila is aged for 12 months in oak barrels, which gives it a deep, dark amber color and a complex character. The long aging process allows the spirit to acquire elegance. Its aroma is dominated by noble notes of wood and vanilla, which harmoniously combine with the scent of mature agave.<\/p>\n<p>In taste, the tequila is rich and velvety, with discernible notes of wood and sweets that lead to a long and satisfying finish. It is a spirit created for slow sipping to fully appreciate its complexity. Tequila Don Ram\u00f3n Cer\u00e1mica A\u00f1ejo is a proposition for discerning palates, offering a luxurious experience.<\/p>\n<p><strong>AGAVE:<\/strong> 100% Blue Agave<\/p>\n<p><strong>AGING:<\/strong> 12 months in oak barrels<\/p>\n<p><strong>COLOR:<\/strong> Dark amber<\/p>\n<p><strong>AROMA:<\/strong> Soft notes of wood, vanilla and agave<\/p>\n<p><strong>NOTES:<\/strong> Wood and sweets<\/p>\n<p>&nbsp;<\/p>\n<table style=\"border-collapse: collapse; width: 100%;\">\n<tbody>\n<tr>\n<td style=\"width: 20%; text-align: center;\"><img loading=\"lazy\" decoding=\"async\" class=\"alignnone wp-image-4331\" src=\"https:\/\/sklep.crimston.pl\/wp-content\/uploads\/2025\/08\/medalla_3_en-300x224.png\" alt=\"\" width=\"171\" height=\"128\" srcset=\"https:\/\/sklep.crimston.pl\/wp-content\/uploads\/2025\/08\/medalla_3_en-300x224.png 300w, https:\/\/sklep.crimston.pl\/wp-content\/uploads\/2025\/08\/medalla_3_en-100x75.png 100w, https:\/\/sklep.crimston.pl\/wp-content\/uploads\/2025\/08\/medalla_3_en-270x201.png 270w, https:\/\/sklep.crimston.pl\/wp-content\/uploads\/2025\/08\/medalla_3_en-600x448.png 600w, https:\/\/sklep.crimston.pl\/wp-content\/uploads\/2025\/08\/medalla_3_en.png 709w\" sizes=\"(max-width: 171px) 100vw, 171px\" \/><\/td>\n<td style=\"width: 20%; text-align: center;\">\u00a0<\/td>\n<td style=\"width: 20%; text-align: center;\">\u00a0<\/td>\n<td style=\"width: 20%; text-align: center;\">\u00a0<\/td>\n<td style=\"width: 20%; text-align: center;\">\u00a0<\/td>\n<\/tr>\n<\/tbody>\n<\/table>\n<\/div>\n","protected":false},"excerpt":{"rendered":"<p>Luxurious Tequila Don Ram\u00f3n A\u00f1ejo from the Cer\u00e1mica edition. Aged for 12 months, it offers a deep taste of wood, vanilla, and sweets.<\/p>\n","protected":false},"featured_media":4413,"comment_status":"open","ping_status":"closed","template":"","meta":[],"alcohol_brand":[80],"product_cat":[74],"product_tag":[156,131,167,168,155,132,166],"acf":[],"yoast_head":"<!-- This site is optimized with the Yoast SEO plugin v20.5 - https:\/\/yoast.com\/wordpress\/plugins\/seo\/ -->\n<title>Tequila Don Ram\u00f3n Limited Edition Cer\u00e1mica A\u00f1ejo 700 ml - Sklep online Crimston Spirits<\/title>\n<meta name=\"description\" content=\"Luxurious Tequila Don Ram\u00f3n A\u00f1ejo from the Cer\u00e1mica edition. Aged for 12 months, it offers a deep taste of wood, vanilla, and sweets.\" \/>\n<meta name=\"robots\" content=\"index, follow, max-snippet:-1, max-image-preview:large, max-video-preview:-1\" \/>\n<link rel=\"canonical\" href=\"https:\/\/sklep.crimston.pl\/en\/product\/tequila-don-ramon-limited-edition-ceramica-anejo-40-700-ml\/\" \/>\n<meta property=\"og:locale\" content=\"en_US\" \/>\n<meta property=\"og:type\" content=\"article\" \/>\n<meta property=\"og:title\" content=\"Tequila Don Ram\u00f3n Limited Edition Cer\u00e1mica A\u00f1ejo 700 ml - Sklep online Crimston Spirits\" \/>\n<meta property=\"og:description\" content=\"Luxurious Tequila Don Ram\u00f3n A\u00f1ejo from the Cer\u00e1mica edition. Aged for 12 months, it offers a deep taste of wood, vanilla, and sweets.\" \/>\n<meta property=\"og:url\" content=\"https:\/\/sklep.crimston.pl\/en\/product\/tequila-don-ramon-limited-edition-ceramica-anejo-40-700-ml\/\" \/>\n<meta property=\"og:site_name\" content=\"Sklep online Crimston Spirits\" \/>\n<meta property=\"article:modified_time\" content=\"2026-01-28T09:15:37+00:00\" \/>\n<meta property=\"og:image\" content=\"https:\/\/sklep.crimston.pl\/wp-content\/uploads\/2025\/08\/casa-don-ramon-ceramica-anejo-1.png\" \/>\n\t<meta property=\"og:image:width\" content=\"2000\" \/>\n\t<meta property=\"og:image:height\" content=\"2000\" \/>\n\t<meta property=\"og:image:type\" content=\"image\/png\" \/>\n<meta name=\"twitter:card\" content=\"summary_large_image\" \/>\n<meta name=\"twitter:label1\" content=\"Est. reading time\" \/>\n\t<meta name=\"twitter:data1\" content=\"2 minutes\" \/>\n<script type=\"application\/ld+json\" class=\"yoast-schema-graph\">{\"@context\":\"https:\/\/schema.org\",\"@graph\":[{\"@type\":\"WebPage\",\"@id\":\"https:\/\/sklep.crimston.pl\/en\/product\/tequila-don-ramon-limited-edition-ceramica-anejo-40-700-ml\/\",\"url\":\"https:\/\/sklep.crimston.pl\/en\/product\/tequila-don-ramon-limited-edition-ceramica-anejo-40-700-ml\/\",\"name\":\"Tequila Don Ram\u00f3n Limited Edition Cer\u00e1mica A\u00f1ejo 700 ml - Sklep online Crimston Spirits\",\"isPartOf\":{\"@id\":\"https:\/\/sklep.crimston.pl\/en\/#website\"},\"datePublished\":\"2024-04-29T10:38:30+00:00\",\"dateModified\":\"2026-01-28T09:15:37+00:00\",\"description\":\"Luxurious Tequila Don Ram\u00f3n A\u00f1ejo from the Cer\u00e1mica edition. Aged for 12 months, it offers a deep taste of wood, vanilla, and sweets.\",\"breadcrumb\":{\"@id\":\"https:\/\/sklep.crimston.pl\/en\/product\/tequila-don-ramon-limited-edition-ceramica-anejo-40-700-ml\/#breadcrumb\"},\"inLanguage\":\"en-US\",\"potentialAction\":[{\"@type\":\"ReadAction\",\"target\":[\"https:\/\/sklep.crimston.pl\/en\/product\/tequila-don-ramon-limited-edition-ceramica-anejo-40-700-ml\/\"]}]},{\"@type\":\"BreadcrumbList\",\"@id\":\"https:\/\/sklep.crimston.pl\/en\/product\/tequila-don-ramon-limited-edition-ceramica-anejo-40-700-ml\/#breadcrumb\",\"itemListElement\":[{\"@type\":\"ListItem\",\"position\":1,\"name\":\"Strona g\u0142\u00f3wna\",\"item\":\"https:\/\/sklep.crimston.pl\/en\/\"},{\"@type\":\"ListItem\",\"position\":2,\"name\":\"Tequila Don Ram\u00f3n Limited Edition Cer\u00e1mica A\u00f1ejo 700 ml\"}]},{\"@type\":\"WebSite\",\"@id\":\"https:\/\/sklep.crimston.pl\/en\/#website\",\"url\":\"https:\/\/sklep.crimston.pl\/en\/\",\"name\":\"Sklep online Crimston Spirits\",\"description\":\"Sprzeda\u017c alkoholu online\",\"potentialAction\":[{\"@type\":\"SearchAction\",\"target\":{\"@type\":\"EntryPoint\",\"urlTemplate\":\"https:\/\/sklep.crimston.pl\/en\/?s={search_term_string}\"},\"query-input\":\"required name=search_term_string\"}],\"inLanguage\":\"en-US\"}]}<\/script>\n<!-- \/ Yoast SEO plugin. -->","yoast_head_json":{"title":"Tequila Don Ram\u00f3n Limited Edition Cer\u00e1mica A\u00f1ejo 700 ml - Sklep online Crimston Spirits","description":"Luxurious Tequila Don Ram\u00f3n A\u00f1ejo from the Cer\u00e1mica edition. Aged for 12 months, it offers a deep taste of wood, vanilla, and sweets.","robots":{"index":"index","follow":"follow","max-snippet":"max-snippet:-1","max-image-preview":"max-image-preview:large","max-video-preview":"max-video-preview:-1"},"canonical":"https:\/\/sklep.crimston.pl\/en\/product\/tequila-don-ramon-limited-edition-ceramica-anejo-40-700-ml\/","og_locale":"en_US","og_type":"article","og_title":"Tequila Don Ram\u00f3n Limited Edition Cer\u00e1mica A\u00f1ejo 700 ml - Sklep online Crimston Spirits","og_description":"Luxurious Tequila Don Ram\u00f3n A\u00f1ejo from the Cer\u00e1mica edition. Aged for 12 months, it offers a deep taste of wood, vanilla, and sweets.","og_url":"https:\/\/sklep.crimston.pl\/en\/product\/tequila-don-ramon-limited-edition-ceramica-anejo-40-700-ml\/","og_site_name":"Sklep online Crimston Spirits","article_modified_time":"2026-01-28T09:15:37+00:00","og_image":[{"width":2000,"height":2000,"url":"https:\/\/sklep.crimston.pl\/wp-content\/uploads\/2025\/08\/casa-don-ramon-ceramica-anejo-1.png","type":"image\/png"}],"twitter_card":"summary_large_image","twitter_misc":{"Est. reading time":"2 minutes"},"schema":{"@context":"https:\/\/schema.org","@graph":[{"@type":"WebPage","@id":"https:\/\/sklep.crimston.pl\/en\/product\/tequila-don-ramon-limited-edition-ceramica-anejo-40-700-ml\/","url":"https:\/\/sklep.crimston.pl\/en\/product\/tequila-don-ramon-limited-edition-ceramica-anejo-40-700-ml\/","name":"Tequila Don Ram\u00f3n Limited Edition Cer\u00e1mica A\u00f1ejo 700 ml - Sklep online Crimston Spirits","isPartOf":{"@id":"https:\/\/sklep.crimston.pl\/en\/#website"},"datePublished":"2024-04-29T10:38:30+00:00","dateModified":"2026-01-28T09:15:37+00:00","description":"Luxurious Tequila Don Ram\u00f3n A\u00f1ejo from the Cer\u00e1mica edition. Aged for 12 months, it offers a deep taste of wood, vanilla, and sweets.","breadcrumb":{"@id":"https:\/\/sklep.crimston.pl\/en\/product\/tequila-don-ramon-limited-edition-ceramica-anejo-40-700-ml\/#breadcrumb"},"inLanguage":"en-US","potentialAction":[{"@type":"ReadAction","target":["https:\/\/sklep.crimston.pl\/en\/product\/tequila-don-ramon-limited-edition-ceramica-anejo-40-700-ml\/"]}]},{"@type":"BreadcrumbList","@id":"https:\/\/sklep.crimston.pl\/en\/product\/tequila-don-ramon-limited-edition-ceramica-anejo-40-700-ml\/#breadcrumb","itemListElement":[{"@type":"ListItem","position":1,"name":"Strona g\u0142\u00f3wna","item":"https:\/\/sklep.crimston.pl\/en\/"},{"@type":"ListItem","position":2,"name":"Tequila Don Ram\u00f3n Limited Edition Cer\u00e1mica A\u00f1ejo 700 ml"}]},{"@type":"WebSite","@id":"https:\/\/sklep.crimston.pl\/en\/#website","url":"https:\/\/sklep.crimston.pl\/en\/","name":"Sklep online Crimston Spirits","description":"Sprzeda\u017c alkoholu online","potentialAction":[{"@type":"SearchAction","target":{"@type":"EntryPoint","urlTemplate":"https:\/\/sklep.crimston.pl\/en\/?s={search_term_string}"},"query-input":"required name=search_term_string"}],"inLanguage":"en-US"}]}},"_links":{"self":[{"href":"https:\/\/sklep.crimston.pl\/en\/wp-json\/wp\/v2\/product\/4340"}],"collection":[{"href":"https:\/\/sklep.crimston.pl\/en\/wp-json\/wp\/v2\/product"}],"about":[{"href":"https:\/\/sklep.crimston.pl\/en\/wp-json\/wp\/v2\/types\/product"}],"replies":[{"embeddable":true,"href":"https:\/\/sklep.crimston.pl\/en\/wp-json\/wp\/v2\/comments?post=4340"}],"wp:featuredmedia":[{"embeddable":true,"href":"https:\/\/sklep.crimston.pl\/en\/wp-json\/wp\/v2\/media\/4413"}],"wp:attachment":[{"href":"https:\/\/sklep.crimston.pl\/en\/wp-json\/wp\/v2\/media?parent=4340"}],"wp:term":[{"taxonomy":"alcohol_brand","embeddable":true,"href":"https:\/\/sklep.crimston.pl\/en\/wp-json\/wp\/v2\/alcohol_brand?post=4340"},{"taxonomy":"product_cat","embeddable":true,"href":"https:\/\/sklep.crimston.pl\/en\/wp-json\/wp\/v2\/product_cat?post=4340"},{"taxonomy":"product_tag","embeddable":true,"href":"https:\/\/sklep.crimston.pl\/en\/wp-json\/wp\/v2\/product_tag?post=4340"}],"curies":[{"name":"wp","href":"https:\/\/api.w.org\/{rel}","templated":true}]}}