{"id":4441,"date":"2024-04-26T02:30:39","date_gmt":"2024-04-26T00:30:39","guid":{"rendered":"https:\/\/sklep.crimston.pl\/?post_type=product&#038;p=4441"},"modified":"2026-05-08T11:10:57","modified_gmt":"2026-05-08T09:10:57","slug":"lamborghini-centanni-rosso-umbria-13-750-ml","status":"publish","type":"product","link":"https:\/\/sklep.crimston.pl\/en\/product\/lamborghini-centanni-rosso-umbria-13-750-ml\/","title":{"rendered":"Lamborghini Centanni Rosso Umbria 750 ml"},"content":{"rendered":"<p data-start=\"0\" data-end=\"363\">Lamborghini Centanni Umbria Red is a tribute to the 100th birthday of Ferruccio Lamborghini &#8211; a red IGT from the Umbrian estate overlooking Lake Trasimeno. In the glass it shows a fairly intense ruby hue, with aromas of ripe cherries and red fruits touched by delicate floral notes. On the palate it\u2019s soft, velvety, and highly drinkable, with barely-there tannins.<\/p>\n<p data-start=\"365\" data-end=\"565\">It\u2019s made from a blend of traditional Umbrian varieties and matured after classic fermentation with 12\u201314 days of skin maceration, which highlights the fruit\u2019s freshness and the wine\u2019s smooth texture.<\/p>\n<p data-start=\"567\" data-end=\"665\"><strong>Type of wine:<\/strong> Red wine<br data-start=\"589\" data-end=\"592\" \/><br \/>\n<strong>Country of origin:<\/strong> Italy<br data-start=\"616\" data-end=\"619\" \/><br \/>\n<strong>Grapes:<\/strong> Blend of traditional Umbrian varieties<\/p>\n<p data-start=\"567\" data-end=\"665\">\u00a0<\/p>\n<p><span data-sheets-root=\"1\"><strong>Create your own gift set \u2013 choose product from the list below and add it to your shopping cart:<\/strong><\/span><\/p>\n<table style=\"border-collapse: collapse; width: 100%;\">\n<tbody>\n<tr>\n<td style=\"width: 20%; vertical-align: top; text-align: center;\">\n<p><a href=\"https:\/\/sklep.crimston.pl\/en\/product\/lamborghini-gift-bag\/\"><img loading=\"lazy\" decoding=\"async\" class=\"attachment-full size-full\" src=\"https:\/\/sklep.crimston.pl\/wp-content\/uploads\/2026\/02\/bag.webp\" sizes=\"(max-width: 1080px) 100vw, 1080px\" srcset=\"https:\/\/sklep.crimston.pl\/wp-content\/uploads\/2026\/02\/bag.webp 1080w, https:\/\/sklep.crimston.pl\/wp-content\/uploads\/2026\/02\/bag-300x300.webp 300w, https:\/\/sklep.crimston.pl\/wp-content\/uploads\/2026\/02\/bag-1024x1024.webp 1024w, https:\/\/sklep.crimston.pl\/wp-content\/uploads\/2026\/02\/bag-150x150.webp 150w, https:\/\/sklep.crimston.pl\/wp-content\/uploads\/2026\/02\/bag-768x768.webp 768w, https:\/\/sklep.crimston.pl\/wp-content\/uploads\/2026\/02\/bag-100x100.webp 100w, https:\/\/sklep.crimston.pl\/wp-content\/uploads\/2026\/02\/bag-270x270.webp 270w, https:\/\/sklep.crimston.pl\/wp-content\/uploads\/2026\/02\/bag-600x600.webp 600w\" alt=\"W\u0105ska, pomara\u0144czowa torba prezentowa z czarnymi sznurkowymi uchwytami, ozdobiona logo Lamborghini i adresem strony internetowej\" width=\"1080\" height=\"1080\" \/><\/a><\/p>\n<p style=\"text-align: center;\">\u00a0<\/p>\n<p style=\"text-align: center;\"><a href=\"https:\/\/sklep.crimston.pl\/en\/product\/lamborghini-gift-bag\/\">Lamborghini gift bag<\/a><\/p>\n<\/td>\n<td style=\"width: 20%; vertical-align: top; text-align: center;\">\n<p><a href=\"https:\/\/sklep.crimston.pl\/en\/product\/lamborghini-orange-luxe-wine-gift-box-gift-bag\/\"><img loading=\"lazy\" decoding=\"async\" class=\"attachment-full size-full\" src=\"https:\/\/sklep.crimston.pl\/wp-content\/uploads\/2026\/02\/spokojne.webp\" sizes=\"(max-width: 1080px) 100vw, 1080px\" srcset=\"https:\/\/sklep.crimston.pl\/wp-content\/uploads\/2026\/02\/spokojne.webp 1080w, https:\/\/sklep.crimston.pl\/wp-content\/uploads\/2026\/02\/spokojne-300x300.webp 300w, https:\/\/sklep.crimston.pl\/wp-content\/uploads\/2026\/02\/spokojne-1024x1024.webp 1024w, https:\/\/sklep.crimston.pl\/wp-content\/uploads\/2026\/02\/spokojne-150x150.webp 150w, https:\/\/sklep.crimston.pl\/wp-content\/uploads\/2026\/02\/spokojne-768x768.webp 768w, https:\/\/sklep.crimston.pl\/wp-content\/uploads\/2026\/02\/spokojne-100x100.webp 100w, https:\/\/sklep.crimston.pl\/wp-content\/uploads\/2026\/02\/spokojne-270x270.webp 270w, https:\/\/sklep.crimston.pl\/wp-content\/uploads\/2026\/02\/spokojne-600x600.webp 600w\" alt=\"Pomara\u0144czowa torba i pude\u0142ko prezentowe z logo Lamborghini, zawieraj\u0105ce matow\u0105, czarn\u0105 butelk\u0119 wina spokojnego\" width=\"1080\" height=\"1080\" \/><\/a><\/p>\n<p>&nbsp;<\/p>\n<p style=\"text-align: center;\"><a href=\"https:\/\/sklep.crimston.pl\/en\/product\/lamborghini-orange-luxe-wine-gift-box-gift-bag\/\">Lamborghini gift set (LUXE wine)<\/a><\/p>\n<\/td>\n<td style=\"width: 20%; vertical-align: top; text-align: center;\">\n<p style=\"text-align: center;\">\u00a0<\/p>\n<\/td>\n<\/tr>\n<\/tbody>\n<\/table>\n","protected":false},"excerpt":{"rendered":"<p>Lamborghini Centanni Umbria Red is a tribute to the 100th birthday of Ferruccio Lamborghini &#8211; a red IGT from the Umbrian estate overlooking Lake Trasimeno.<\/p>\n","protected":false},"featured_media":4439,"comment_status":"open","ping_status":"closed","template":"","meta":[],"alcohol_brand":[476],"product_cat":[75],"product_tag":[398,399,155,132],"acf":[],"yoast_head":"<!-- This site is optimized with the Yoast SEO plugin v20.5 - https:\/\/yoast.com\/wordpress\/plugins\/seo\/ -->\n<title>Lamborghini Centanni Rosso Umbria 750 ml - Sklep online Crimston Spirits<\/title>\n<meta name=\"description\" content=\"Lamborghini Centanni Umbria Red is a tribute to the 100th birthday of Ferruccio Lamborghini - a red IGT from the Umbrian estate overlooking Lake Trasimeno\" \/>\n<meta name=\"robots\" content=\"index, follow, max-snippet:-1, max-image-preview:large, max-video-preview:-1\" \/>\n<link rel=\"canonical\" href=\"https:\/\/sklep.crimston.pl\/en\/product\/lamborghini-centanni-rosso-umbria-13-750-ml\/\" \/>\n<meta property=\"og:locale\" content=\"en_US\" \/>\n<meta property=\"og:type\" content=\"article\" \/>\n<meta property=\"og:title\" content=\"Lamborghini Centanni Rosso Umbria 750 ml - Sklep online Crimston Spirits\" \/>\n<meta property=\"og:description\" content=\"Lamborghini Centanni Umbria Red is a tribute to the 100th birthday of Ferruccio Lamborghini - a red IGT from the Umbrian estate overlooking Lake Trasimeno\" \/>\n<meta property=\"og:url\" content=\"https:\/\/sklep.crimston.pl\/en\/product\/lamborghini-centanni-rosso-umbria-13-750-ml\/\" \/>\n<meta property=\"og:site_name\" content=\"Sklep online Crimston Spirits\" \/>\n<meta property=\"article:modified_time\" content=\"2026-05-08T09:10:57+00:00\" \/>\n<meta property=\"og:image\" content=\"https:\/\/sklep.crimston.pl\/wp-content\/uploads\/2025\/08\/lamborghini-centanni-rosso-umbria.png\" \/>\n\t<meta property=\"og:image:width\" content=\"854\" \/>\n\t<meta property=\"og:image:height\" content=\"854\" \/>\n\t<meta property=\"og:image:type\" content=\"image\/png\" \/>\n<meta name=\"twitter:card\" content=\"summary_large_image\" \/>\n<meta name=\"twitter:label1\" content=\"Est. reading time\" \/>\n\t<meta name=\"twitter:data1\" content=\"2 minutes\" \/>\n<script type=\"application\/ld+json\" class=\"yoast-schema-graph\">{\"@context\":\"https:\/\/schema.org\",\"@graph\":[{\"@type\":\"WebPage\",\"@id\":\"https:\/\/sklep.crimston.pl\/en\/product\/lamborghini-centanni-rosso-umbria-13-750-ml\/\",\"url\":\"https:\/\/sklep.crimston.pl\/en\/product\/lamborghini-centanni-rosso-umbria-13-750-ml\/\",\"name\":\"Lamborghini Centanni Rosso Umbria 750 ml - Sklep online Crimston Spirits\",\"isPartOf\":{\"@id\":\"https:\/\/sklep.crimston.pl\/en\/#website\"},\"datePublished\":\"2024-04-26T00:30:39+00:00\",\"dateModified\":\"2026-05-08T09:10:57+00:00\",\"description\":\"Lamborghini Centanni Umbria Red is a tribute to the 100th birthday of Ferruccio Lamborghini - a red IGT from the Umbrian estate overlooking Lake Trasimeno\",\"breadcrumb\":{\"@id\":\"https:\/\/sklep.crimston.pl\/en\/product\/lamborghini-centanni-rosso-umbria-13-750-ml\/#breadcrumb\"},\"inLanguage\":\"en-US\",\"potentialAction\":[{\"@type\":\"ReadAction\",\"target\":[\"https:\/\/sklep.crimston.pl\/en\/product\/lamborghini-centanni-rosso-umbria-13-750-ml\/\"]}]},{\"@type\":\"BreadcrumbList\",\"@id\":\"https:\/\/sklep.crimston.pl\/en\/product\/lamborghini-centanni-rosso-umbria-13-750-ml\/#breadcrumb\",\"itemListElement\":[{\"@type\":\"ListItem\",\"position\":1,\"name\":\"Strona g\u0142\u00f3wna\",\"item\":\"https:\/\/sklep.crimston.pl\/en\/\"},{\"@type\":\"ListItem\",\"position\":2,\"name\":\"Lamborghini Centanni Rosso Umbria 750 ml\"}]},{\"@type\":\"WebSite\",\"@id\":\"https:\/\/sklep.crimston.pl\/en\/#website\",\"url\":\"https:\/\/sklep.crimston.pl\/en\/\",\"name\":\"Sklep online Crimston Spirits\",\"description\":\"Sprzeda\u017c alkoholu online\",\"potentialAction\":[{\"@type\":\"SearchAction\",\"target\":{\"@type\":\"EntryPoint\",\"urlTemplate\":\"https:\/\/sklep.crimston.pl\/en\/?s={search_term_string}\"},\"query-input\":\"required name=search_term_string\"}],\"inLanguage\":\"en-US\"}]}<\/script>\n<!-- \/ Yoast SEO plugin. -->","yoast_head_json":{"title":"Lamborghini Centanni Rosso Umbria 750 ml - Sklep online Crimston Spirits","description":"Lamborghini Centanni Umbria Red is a tribute to the 100th birthday of Ferruccio Lamborghini - a red IGT from the Umbrian estate overlooking Lake Trasimeno","robots":{"index":"index","follow":"follow","max-snippet":"max-snippet:-1","max-image-preview":"max-image-preview:large","max-video-preview":"max-video-preview:-1"},"canonical":"https:\/\/sklep.crimston.pl\/en\/product\/lamborghini-centanni-rosso-umbria-13-750-ml\/","og_locale":"en_US","og_type":"article","og_title":"Lamborghini Centanni Rosso Umbria 750 ml - Sklep online Crimston Spirits","og_description":"Lamborghini Centanni Umbria Red is a tribute to the 100th birthday of Ferruccio Lamborghini - a red IGT from the Umbrian estate overlooking Lake Trasimeno","og_url":"https:\/\/sklep.crimston.pl\/en\/product\/lamborghini-centanni-rosso-umbria-13-750-ml\/","og_site_name":"Sklep online Crimston Spirits","article_modified_time":"2026-05-08T09:10:57+00:00","og_image":[{"width":854,"height":854,"url":"https:\/\/sklep.crimston.pl\/wp-content\/uploads\/2025\/08\/lamborghini-centanni-rosso-umbria.png","type":"image\/png"}],"twitter_card":"summary_large_image","twitter_misc":{"Est. reading time":"2 minutes"},"schema":{"@context":"https:\/\/schema.org","@graph":[{"@type":"WebPage","@id":"https:\/\/sklep.crimston.pl\/en\/product\/lamborghini-centanni-rosso-umbria-13-750-ml\/","url":"https:\/\/sklep.crimston.pl\/en\/product\/lamborghini-centanni-rosso-umbria-13-750-ml\/","name":"Lamborghini Centanni Rosso Umbria 750 ml - Sklep online Crimston Spirits","isPartOf":{"@id":"https:\/\/sklep.crimston.pl\/en\/#website"},"datePublished":"2024-04-26T00:30:39+00:00","dateModified":"2026-05-08T09:10:57+00:00","description":"Lamborghini Centanni Umbria Red is a tribute to the 100th birthday of Ferruccio Lamborghini - a red IGT from the Umbrian estate overlooking Lake Trasimeno","breadcrumb":{"@id":"https:\/\/sklep.crimston.pl\/en\/product\/lamborghini-centanni-rosso-umbria-13-750-ml\/#breadcrumb"},"inLanguage":"en-US","potentialAction":[{"@type":"ReadAction","target":["https:\/\/sklep.crimston.pl\/en\/product\/lamborghini-centanni-rosso-umbria-13-750-ml\/"]}]},{"@type":"BreadcrumbList","@id":"https:\/\/sklep.crimston.pl\/en\/product\/lamborghini-centanni-rosso-umbria-13-750-ml\/#breadcrumb","itemListElement":[{"@type":"ListItem","position":1,"name":"Strona g\u0142\u00f3wna","item":"https:\/\/sklep.crimston.pl\/en\/"},{"@type":"ListItem","position":2,"name":"Lamborghini Centanni Rosso Umbria 750 ml"}]},{"@type":"WebSite","@id":"https:\/\/sklep.crimston.pl\/en\/#website","url":"https:\/\/sklep.crimston.pl\/en\/","name":"Sklep online Crimston Spirits","description":"Sprzeda\u017c alkoholu online","potentialAction":[{"@type":"SearchAction","target":{"@type":"EntryPoint","urlTemplate":"https:\/\/sklep.crimston.pl\/en\/?s={search_term_string}"},"query-input":"required name=search_term_string"}],"inLanguage":"en-US"}]}},"_links":{"self":[{"href":"https:\/\/sklep.crimston.pl\/en\/wp-json\/wp\/v2\/product\/4441"}],"collection":[{"href":"https:\/\/sklep.crimston.pl\/en\/wp-json\/wp\/v2\/product"}],"about":[{"href":"https:\/\/sklep.crimston.pl\/en\/wp-json\/wp\/v2\/types\/product"}],"replies":[{"embeddable":true,"href":"https:\/\/sklep.crimston.pl\/en\/wp-json\/wp\/v2\/comments?post=4441"}],"wp:featuredmedia":[{"embeddable":true,"href":"https:\/\/sklep.crimston.pl\/en\/wp-json\/wp\/v2\/media\/4439"}],"wp:attachment":[{"href":"https:\/\/sklep.crimston.pl\/en\/wp-json\/wp\/v2\/media?parent=4441"}],"wp:term":[{"taxonomy":"alcohol_brand","embeddable":true,"href":"https:\/\/sklep.crimston.pl\/en\/wp-json\/wp\/v2\/alcohol_brand?post=4441"},{"taxonomy":"product_cat","embeddable":true,"href":"https:\/\/sklep.crimston.pl\/en\/wp-json\/wp\/v2\/product_cat?post=4441"},{"taxonomy":"product_tag","embeddable":true,"href":"https:\/\/sklep.crimston.pl\/en\/wp-json\/wp\/v2\/product_tag?post=4441"}],"curies":[{"name":"wp","href":"https:\/\/api.w.org\/{rel}","templated":true}]}}