{"id":5083,"date":"2024-04-26T17:05:06","date_gmt":"2024-04-26T15:05:06","guid":{"rendered":"https:\/\/sklep.crimston.pl\/?post_type=product&#038;p=5083"},"modified":"2026-05-08T11:16:41","modified_gmt":"2026-05-08T09:16:41","slug":"lamborghini-extra-dry-vino-spumante-sleeve-black-115-750-ml","status":"publish","type":"product","link":"https:\/\/sklep.crimston.pl\/en\/product\/lamborghini-extra-dry-vino-spumante-sleeve-black-115-750-ml\/","title":{"rendered":"Lamborghini Sleeve Black Extra Dry Vino Spumante 750 ml"},"content":{"rendered":"<p>Lamborghini Extra Dry Vino Spumante Black is a refined sparkling wine characterized by a pale yellow color and fine-grained, continuous foam. It boasts a distinctly aromatic bouquet with delicate hints of white fruit. On the palate, it is fresh and perfectly balanced, with prevailing fruity notes that delight the senses. Crafted using the Martinotti-Charmat method, it is the perfect companion for special occasions.<\/p>\n<p>The Lamborghini Vineyard is a 100-hectare estate located on the border of Umbria and Tuscany. It was purchased by Ferruccio Lamborghini in the 1960s, who, after retiring from his famous car manufacturing business, decided to return to his roots: being a farmer.<\/p>\n<p><strong>Type of wine:<\/strong> sparkling<br \/>\n<strong>Country of origin: <\/strong> Italy<br \/>\n<strong>Strains:<\/strong> Grape selection from Tenuta Lamborghini<br \/>\n<strong>Sugar content:<\/strong> 18,00 g\/l<br \/>\n<strong>Serving temperature: <\/strong> 6-8\u00b0C<\/p>\n<p>&nbsp;<\/p>\n<p><span data-sheets-root=\"1\"><strong>Create your own gift set \u2013 choose product from the list below and add it to your shopping cart:<\/strong><\/span><\/p>\n<table style=\"border-collapse: collapse; width: 100%;\">\n<tbody>\n<tr>\n<td style=\"width: 20%; vertical-align: top; text-align: center;\">\n<p><a href=\"https:\/\/sklep.crimston.pl\/en\/product\/lamborghini-gift-bag\/\"><img loading=\"lazy\" decoding=\"async\" class=\"attachment-full size-full\" src=\"https:\/\/sklep.crimston.pl\/wp-content\/uploads\/2026\/02\/bag.webp\" sizes=\"(max-width: 1080px) 100vw, 1080px\" srcset=\"https:\/\/sklep.crimston.pl\/wp-content\/uploads\/2026\/02\/bag.webp 1080w, https:\/\/sklep.crimston.pl\/wp-content\/uploads\/2026\/02\/bag-300x300.webp 300w, https:\/\/sklep.crimston.pl\/wp-content\/uploads\/2026\/02\/bag-1024x1024.webp 1024w, https:\/\/sklep.crimston.pl\/wp-content\/uploads\/2026\/02\/bag-150x150.webp 150w, https:\/\/sklep.crimston.pl\/wp-content\/uploads\/2026\/02\/bag-768x768.webp 768w, https:\/\/sklep.crimston.pl\/wp-content\/uploads\/2026\/02\/bag-100x100.webp 100w, https:\/\/sklep.crimston.pl\/wp-content\/uploads\/2026\/02\/bag-270x270.webp 270w, https:\/\/sklep.crimston.pl\/wp-content\/uploads\/2026\/02\/bag-600x600.webp 600w\" alt=\"W\u0105ska, pomara\u0144czowa torba prezentowa z czarnymi sznurkowymi uchwytami, ozdobiona logo Lamborghini i adresem strony internetowej\" width=\"1080\" height=\"1080\" \/><\/a><\/p>\n<p style=\"text-align: center;\">\u00a0<\/p>\n<p style=\"text-align: center;\"><a href=\"https:\/\/sklep.crimston.pl\/en\/product\/lamborghini-gift-bag\/\">Lamborghini gift bag<\/a><\/p>\n<\/td>\n<td style=\"width: 20%; vertical-align: top; text-align: center;\">\n<p><a href=\"https:\/\/sklep.crimston.pl\/en\/product\/lamborghini-gift-set-sparkling-wine\/\"><img loading=\"lazy\" decoding=\"async\" class=\"attachment-full size-full\" src=\"https:\/\/sklep.crimston.pl\/wp-content\/uploads\/2026\/02\/musujace.webp\" sizes=\"(max-width: 1080px) 100vw, 1080px\" srcset=\"https:\/\/sklep.crimston.pl\/wp-content\/uploads\/2026\/02\/musujace.webp 1080w, https:\/\/sklep.crimston.pl\/wp-content\/uploads\/2026\/02\/musujace-300x300.webp 300w, https:\/\/sklep.crimston.pl\/wp-content\/uploads\/2026\/02\/musujace-1024x1024.webp 1024w, https:\/\/sklep.crimston.pl\/wp-content\/uploads\/2026\/02\/musujace-150x150.webp 150w, https:\/\/sklep.crimston.pl\/wp-content\/uploads\/2026\/02\/musujace-768x768.webp 768w, https:\/\/sklep.crimston.pl\/wp-content\/uploads\/2026\/02\/musujace-100x100.webp 100w, https:\/\/sklep.crimston.pl\/wp-content\/uploads\/2026\/02\/musujace-270x270.webp 270w, https:\/\/sklep.crimston.pl\/wp-content\/uploads\/2026\/02\/musujace-600x600.webp 600w\" alt=\"Pomara\u0144czowa torba i pude\u0142ko prezentowe z logo Lamborghini, zawieraj\u0105ce matow\u0105, czarn\u0105 butelk\u0119 wina musuj\u0105cego\" width=\"1080\" height=\"1080\" \/><\/a><\/p>\n<p>&nbsp;<\/p>\n<p style=\"text-align: center;\"><a href=\"https:\/\/sklep.crimston.pl\/en\/product\/lamborghini-gift-set-sparkling-wine\/\">Lamborghini gift set (sparkling wine)<\/a><\/p>\n<\/td>\n<td style=\"width: 20%; vertical-align: top; text-align: center;\">\n<p><a href=\"https:\/\/sklep.crimston.pl\/en\/product\/lamborghini-gift-box-2-glasses-gift-bag\/\"><img loading=\"lazy\" decoding=\"async\" class=\"attachment-full size-full\" src=\"https:\/\/sklep.crimston.pl\/wp-content\/uploads\/2025\/08\/pusty-zestaw-2025.png\" sizes=\"(max-width: 1000px) 100vw, 1000px\" srcset=\"https:\/\/sklep.crimston.pl\/wp-content\/uploads\/2025\/08\/pusty-zestaw-2025.png 1000w, https:\/\/sklep.crimston.pl\/wp-content\/uploads\/2025\/08\/pusty-zestaw-2025-300x300.png 300w, https:\/\/sklep.crimston.pl\/wp-content\/uploads\/2025\/08\/pusty-zestaw-2025-150x150.png 150w, https:\/\/sklep.crimston.pl\/wp-content\/uploads\/2025\/08\/pusty-zestaw-2025-768x768.png 768w, https:\/\/sklep.crimston.pl\/wp-content\/uploads\/2025\/08\/pusty-zestaw-2025-100x100.png 100w, https:\/\/sklep.crimston.pl\/wp-content\/uploads\/2025\/08\/pusty-zestaw-2025-270x270.png 270w, https:\/\/sklep.crimston.pl\/wp-content\/uploads\/2025\/08\/pusty-zestaw-2025-600x600.png 600w\" alt=\"\" width=\"1000\" height=\"1000\" \/><\/a><\/p>\n<p>&nbsp;<\/p>\n<p style=\"text-align: center;\"><a href=\"https:\/\/sklep.crimston.pl\/en\/product\/lamborghini-gift-box-2-glasses-gift-bag\/\">Lamborghini gift set with glasses<\/a><\/p>\n<\/td>\n<\/tr>\n<\/tbody>\n<\/table>\n","protected":false},"excerpt":{"rendered":"<p>Lamborghini Extra Dry Black is a fresh, perfectly balanced sparkling wine with aromatic white fruit notes. Italian elegance for special moments<\/p>\n","protected":false},"featured_media":5093,"comment_status":"open","ping_status":"closed","template":"","meta":[],"alcohol_brand":[476],"product_cat":[76],"product_tag":[159,131,453,452,398,399,454,451,448,450],"acf":[],"yoast_head":"<!-- This site is optimized with the Yoast SEO plugin v20.5 - https:\/\/yoast.com\/wordpress\/plugins\/seo\/ -->\n<title>Lamborghini Sleeve Black Extra Dry Vino Spumante 750 ml - sklep Crimston<\/title>\n<meta name=\"description\" content=\"Lamborghini Extra Dry Black is a fresh, perfectly balanced sparkling wine with aromatic white fruit notes. Italian elegance for special moments\" \/>\n<meta name=\"robots\" content=\"index, follow, max-snippet:-1, max-image-preview:large, max-video-preview:-1\" \/>\n<link rel=\"canonical\" href=\"https:\/\/sklep.crimston.pl\/en\/product\/lamborghini-extra-dry-vino-spumante-sleeve-black-115-750-ml\/\" \/>\n<meta property=\"og:locale\" content=\"en_US\" \/>\n<meta property=\"og:type\" content=\"article\" \/>\n<meta property=\"og:title\" content=\"Lamborghini Sleeve Black Extra Dry Vino Spumante 750 ml - sklep Crimston\" \/>\n<meta property=\"og:description\" content=\"Lamborghini Extra Dry Black is a fresh, perfectly balanced sparkling wine with aromatic white fruit notes. Italian elegance for special moments\" \/>\n<meta property=\"og:url\" content=\"https:\/\/sklep.crimston.pl\/en\/product\/lamborghini-extra-dry-vino-spumante-sleeve-black-115-750-ml\/\" \/>\n<meta property=\"og:site_name\" content=\"Sklep online Crimston Spirits\" \/>\n<meta property=\"article:modified_time\" content=\"2026-05-08T09:16:41+00:00\" \/>\n<meta property=\"og:image\" content=\"https:\/\/sklep.crimston.pl\/wp-content\/uploads\/2025\/11\/lamborghini-extra-dry-vino-spumante-sleeve-black-2.webp\" \/>\n\t<meta property=\"og:image:width\" content=\"1928\" \/>\n\t<meta property=\"og:image:height\" content=\"1928\" \/>\n\t<meta property=\"og:image:type\" content=\"image\/webp\" \/>\n<meta name=\"twitter:card\" content=\"summary_large_image\" \/>\n<meta name=\"twitter:label1\" content=\"Est. reading time\" \/>\n\t<meta name=\"twitter:data1\" content=\"2 minutes\" \/>\n<script type=\"application\/ld+json\" class=\"yoast-schema-graph\">{\"@context\":\"https:\/\/schema.org\",\"@graph\":[{\"@type\":\"WebPage\",\"@id\":\"https:\/\/sklep.crimston.pl\/en\/product\/lamborghini-extra-dry-vino-spumante-sleeve-black-115-750-ml\/\",\"url\":\"https:\/\/sklep.crimston.pl\/en\/product\/lamborghini-extra-dry-vino-spumante-sleeve-black-115-750-ml\/\",\"name\":\"Lamborghini Sleeve Black Extra Dry Vino Spumante 750 ml - sklep Crimston\",\"isPartOf\":{\"@id\":\"https:\/\/sklep.crimston.pl\/en\/#website\"},\"datePublished\":\"2024-04-26T15:05:06+00:00\",\"dateModified\":\"2026-05-08T09:16:41+00:00\",\"description\":\"Lamborghini Extra Dry Black is a fresh, perfectly balanced sparkling wine with aromatic white fruit notes. Italian elegance for special moments\",\"breadcrumb\":{\"@id\":\"https:\/\/sklep.crimston.pl\/en\/product\/lamborghini-extra-dry-vino-spumante-sleeve-black-115-750-ml\/#breadcrumb\"},\"inLanguage\":\"en-US\",\"potentialAction\":[{\"@type\":\"ReadAction\",\"target\":[\"https:\/\/sklep.crimston.pl\/en\/product\/lamborghini-extra-dry-vino-spumante-sleeve-black-115-750-ml\/\"]}]},{\"@type\":\"BreadcrumbList\",\"@id\":\"https:\/\/sklep.crimston.pl\/en\/product\/lamborghini-extra-dry-vino-spumante-sleeve-black-115-750-ml\/#breadcrumb\",\"itemListElement\":[{\"@type\":\"ListItem\",\"position\":1,\"name\":\"Strona g\u0142\u00f3wna\",\"item\":\"https:\/\/sklep.crimston.pl\/en\/\"},{\"@type\":\"ListItem\",\"position\":2,\"name\":\"Lamborghini Sleeve Black Extra Dry Vino Spumante 750 ml\"}]},{\"@type\":\"WebSite\",\"@id\":\"https:\/\/sklep.crimston.pl\/en\/#website\",\"url\":\"https:\/\/sklep.crimston.pl\/en\/\",\"name\":\"Sklep online Crimston Spirits\",\"description\":\"Sprzeda\u017c alkoholu online\",\"potentialAction\":[{\"@type\":\"SearchAction\",\"target\":{\"@type\":\"EntryPoint\",\"urlTemplate\":\"https:\/\/sklep.crimston.pl\/en\/?s={search_term_string}\"},\"query-input\":\"required name=search_term_string\"}],\"inLanguage\":\"en-US\"}]}<\/script>\n<!-- \/ Yoast SEO plugin. -->","yoast_head_json":{"title":"Lamborghini Sleeve Black Extra Dry Vino Spumante 750 ml - sklep Crimston","description":"Lamborghini Extra Dry Black is a fresh, perfectly balanced sparkling wine with aromatic white fruit notes. Italian elegance for special moments","robots":{"index":"index","follow":"follow","max-snippet":"max-snippet:-1","max-image-preview":"max-image-preview:large","max-video-preview":"max-video-preview:-1"},"canonical":"https:\/\/sklep.crimston.pl\/en\/product\/lamborghini-extra-dry-vino-spumante-sleeve-black-115-750-ml\/","og_locale":"en_US","og_type":"article","og_title":"Lamborghini Sleeve Black Extra Dry Vino Spumante 750 ml - sklep Crimston","og_description":"Lamborghini Extra Dry Black is a fresh, perfectly balanced sparkling wine with aromatic white fruit notes. Italian elegance for special moments","og_url":"https:\/\/sklep.crimston.pl\/en\/product\/lamborghini-extra-dry-vino-spumante-sleeve-black-115-750-ml\/","og_site_name":"Sklep online Crimston Spirits","article_modified_time":"2026-05-08T09:16:41+00:00","og_image":[{"width":1928,"height":1928,"url":"https:\/\/sklep.crimston.pl\/wp-content\/uploads\/2025\/11\/lamborghini-extra-dry-vino-spumante-sleeve-black-2.webp","type":"image\/webp"}],"twitter_card":"summary_large_image","twitter_misc":{"Est. reading time":"2 minutes"},"schema":{"@context":"https:\/\/schema.org","@graph":[{"@type":"WebPage","@id":"https:\/\/sklep.crimston.pl\/en\/product\/lamborghini-extra-dry-vino-spumante-sleeve-black-115-750-ml\/","url":"https:\/\/sklep.crimston.pl\/en\/product\/lamborghini-extra-dry-vino-spumante-sleeve-black-115-750-ml\/","name":"Lamborghini Sleeve Black Extra Dry Vino Spumante 750 ml - sklep Crimston","isPartOf":{"@id":"https:\/\/sklep.crimston.pl\/en\/#website"},"datePublished":"2024-04-26T15:05:06+00:00","dateModified":"2026-05-08T09:16:41+00:00","description":"Lamborghini Extra Dry Black is a fresh, perfectly balanced sparkling wine with aromatic white fruit notes. Italian elegance for special moments","breadcrumb":{"@id":"https:\/\/sklep.crimston.pl\/en\/product\/lamborghini-extra-dry-vino-spumante-sleeve-black-115-750-ml\/#breadcrumb"},"inLanguage":"en-US","potentialAction":[{"@type":"ReadAction","target":["https:\/\/sklep.crimston.pl\/en\/product\/lamborghini-extra-dry-vino-spumante-sleeve-black-115-750-ml\/"]}]},{"@type":"BreadcrumbList","@id":"https:\/\/sklep.crimston.pl\/en\/product\/lamborghini-extra-dry-vino-spumante-sleeve-black-115-750-ml\/#breadcrumb","itemListElement":[{"@type":"ListItem","position":1,"name":"Strona g\u0142\u00f3wna","item":"https:\/\/sklep.crimston.pl\/en\/"},{"@type":"ListItem","position":2,"name":"Lamborghini Sleeve Black Extra Dry Vino Spumante 750 ml"}]},{"@type":"WebSite","@id":"https:\/\/sklep.crimston.pl\/en\/#website","url":"https:\/\/sklep.crimston.pl\/en\/","name":"Sklep online Crimston Spirits","description":"Sprzeda\u017c alkoholu online","potentialAction":[{"@type":"SearchAction","target":{"@type":"EntryPoint","urlTemplate":"https:\/\/sklep.crimston.pl\/en\/?s={search_term_string}"},"query-input":"required name=search_term_string"}],"inLanguage":"en-US"}]}},"_links":{"self":[{"href":"https:\/\/sklep.crimston.pl\/en\/wp-json\/wp\/v2\/product\/5083"}],"collection":[{"href":"https:\/\/sklep.crimston.pl\/en\/wp-json\/wp\/v2\/product"}],"about":[{"href":"https:\/\/sklep.crimston.pl\/en\/wp-json\/wp\/v2\/types\/product"}],"replies":[{"embeddable":true,"href":"https:\/\/sklep.crimston.pl\/en\/wp-json\/wp\/v2\/comments?post=5083"}],"wp:featuredmedia":[{"embeddable":true,"href":"https:\/\/sklep.crimston.pl\/en\/wp-json\/wp\/v2\/media\/5093"}],"wp:attachment":[{"href":"https:\/\/sklep.crimston.pl\/en\/wp-json\/wp\/v2\/media?parent=5083"}],"wp:term":[{"taxonomy":"alcohol_brand","embeddable":true,"href":"https:\/\/sklep.crimston.pl\/en\/wp-json\/wp\/v2\/alcohol_brand?post=5083"},{"taxonomy":"product_cat","embeddable":true,"href":"https:\/\/sklep.crimston.pl\/en\/wp-json\/wp\/v2\/product_cat?post=5083"},{"taxonomy":"product_tag","embeddable":true,"href":"https:\/\/sklep.crimston.pl\/en\/wp-json\/wp\/v2\/product_tag?post=5083"}],"curies":[{"name":"wp","href":"https:\/\/api.w.org\/{rel}","templated":true}]}}